{"id":327,"date":"2026-04-15T15:02:09","date_gmt":"2026-04-15T15:02:09","guid":{"rendered":"https:\/\/protoweb.space\/wirenex2\/?post_type=product&#038;p=327"},"modified":"2026-04-15T23:30:15","modified_gmt":"2026-04-15T23:30:15","slug":"box-metalico-155","status":"publish","type":"product","link":"https:\/\/protoweb.space\/wirenex2\/product\/box-metalico-155\/","title":{"rendered":"Box Met\u00e1lico 155"},"content":{"rendered":"","protected":false},"excerpt":{"rendered":"<p><b>Caracter\u00edsticas:<\/b><\/p>\n<ul>\n<li><b>Material:<\/b><span style=\"font-weight: 400;\"> Chapa de acero SAE 10\/10 doble decapada N\u00b020 (marco y tapa) y N\u00b022 (caja de conexi\u00f3n).<\/span><\/li>\n<li><b>Terminaci\u00f3n<\/b>: Pintura poliester termo-contra\u00edble electroest\u00e1tica, acabado microtexturado y acabado liso.<\/li>\n<li><b>Capacidad:<\/b> el bastidor met\u00e1lico interior permite alojar hasta 2 m\u00f3dulos de tomas de energ\u00eda y 2 fichas de red.<\/li>\n<li><b>Compatibilidad el\u00e9ctrica: <\/b>Compatible con m\u00f3dulos CAMBRE SIGLO XXI y SICA SILIGHT, se clipan directamente. No requiere bastidor adicional.<\/li>\n<li><b>Conectividad: <\/b>Cuenta con 2 bocas para conectores RJ45<\/li>\n<li><b>Instalaci\u00f3n: <\/b>Por encastre superior, de montaje r\u00e1pido y sencillo<\/li>\n<\/ul>\n<p><b>Dimensiones:<\/b><\/p>\n<ul>\n<li><span style=\"font-weight: 400;\">Externas: 158 x 150 x 80 mm (L x A x H)<\/span><\/li>\n<li>Internas: 133 x 120 x 80 mm (L x A x H)<\/li>\n<\/ul>\n<p><b>Colores<\/b><span style=\"font-weight: 400;\">:<\/span><\/p>\n<ul>\n<li><span style=\"font-weight: 400;\">Negro (microtexturado mate)<\/span><\/li>\n<li>Blanco (microtexturado mate)<\/li>\n<li>Gris Aluminio (liso)<\/li>\n<\/ul>\n<p><b>Origen:<\/b> <b>Industria Argentina<\/b><\/p>\n","protected":false},"featured_media":411,"comment_status":"open","ping_status":"closed","template":"","meta":[],"etheme_brands":[],"product_brand":[],"product_cat":[19],"product_tag":[],"class_list":{"0":"post-327","1":"product","2":"type-product","3":"status-publish","4":"has-post-thumbnail","6":"product_cat-box","8":"first","9":"instock","10":"shipping-taxable","11":"purchasable","12":"product-type-variable"},"_links":{"self":[{"href":"https:\/\/protoweb.space\/wirenex2\/wp-json\/wp\/v2\/product\/327","targetHints":{"allow":["GET"]}}],"collection":[{"href":"https:\/\/protoweb.space\/wirenex2\/wp-json\/wp\/v2\/product"}],"about":[{"href":"https:\/\/protoweb.space\/wirenex2\/wp-json\/wp\/v2\/types\/product"}],"replies":[{"embeddable":true,"href":"https:\/\/protoweb.space\/wirenex2\/wp-json\/wp\/v2\/comments?post=327"}],"wp:featuredmedia":[{"embeddable":true,"href":"https:\/\/protoweb.space\/wirenex2\/wp-json\/wp\/v2\/media\/411"}],"wp:attachment":[{"href":"https:\/\/protoweb.space\/wirenex2\/wp-json\/wp\/v2\/media?parent=327"}],"wp:term":[{"taxonomy":"brand","embeddable":true,"href":"https:\/\/protoweb.space\/wirenex2\/wp-json\/wp\/v2\/etheme_brands?post=327"},{"taxonomy":"product_brand","embeddable":true,"href":"https:\/\/protoweb.space\/wirenex2\/wp-json\/wp\/v2\/product_brand?post=327"},{"taxonomy":"product_cat","embeddable":true,"href":"https:\/\/protoweb.space\/wirenex2\/wp-json\/wp\/v2\/product_cat?post=327"},{"taxonomy":"product_tag","embeddable":true,"href":"https:\/\/protoweb.space\/wirenex2\/wp-json\/wp\/v2\/product_tag?post=327"}],"curies":[{"name":"wp","href":"https:\/\/api.w.org\/{rel}","templated":true}]}}