{"id":454,"date":"2026-04-16T00:49:44","date_gmt":"2026-04-16T00:49:44","guid":{"rendered":"https:\/\/protoweb.space\/wirenex2\/?post_type=product&#038;p=454"},"modified":"2026-04-16T00:52:10","modified_gmt":"2026-04-16T00:52:10","slug":"caja-de-piso","status":"publish","type":"product","link":"https:\/\/protoweb.space\/wirenex2\/product\/caja-de-piso\/","title":{"rendered":"Caja de Piso"},"content":{"rendered":"","protected":false},"excerpt":{"rendered":"<p>Dise\u00f1ada para brindar una soluci\u00f3n robusta y est\u00e9tica en instalaciones de piso t\u00e9cnico o piso ducto, permitiendo una integraci\u00f3n segura de m\u00f3dulos el\u00e9ctricos, de datos y multimedia. Fabricada completamente en chapa de acero, tanto la tapa como la base, ofrece alta resistencia mec\u00e1nica y un acabado adaptable a cualquier entorno profesional.<\/p>\n<p><b>Caracter\u00edsticas:<\/b><\/p>\n<ul>\n<li><b>Material:<\/b><span style=\"font-weight: 400;\"> Chapa de acero SAE 10\/10 doble decapada N\u00b020 (marco y tapa) y N\u00b022 (caja de conexi\u00f3n).<\/span><\/li>\n<li><b>Terminaci\u00f3n<\/b>: Pintura poliester termo-contra\u00edble electroest\u00e1tica, acabado microtexturado y acabado liso.<\/li>\n<li><b>Capacidad:<\/b> el bastidor met\u00e1lico interior permite alojar hasta 8 m\u00f3dulos de tomas de energ\u00eda simples o 4 dobles y 8 fichas de red.<\/li>\n<li><b>Compatibilidad:<\/b> Fichas RJ45, HDMI, USB, tomas el\u00e9ctricos<\/li>\n<li><b>Compatibilidad el\u00e9ctrica: <\/b>Compatible con m\u00f3dulos CAMBRE SIGLO XXI y SICA SILIGHT, se clipan directamente. No requiere bastidor adicional.<\/li>\n<li>Perforaciones: 8 accesos laterales de 1\u00a8 troquelados<\/li>\n<\/ul>\n<p><b>Medidas:<\/b><span style=\"font-weight: 400;\"> Ver imagen<\/span><\/p>\n<p><b>Origen:<\/b> <b>Industria Argentina<\/b><\/p>\n","protected":false},"featured_media":456,"comment_status":"open","ping_status":"closed","template":"","meta":[],"etheme_brands":[],"product_brand":[],"product_cat":[20],"product_tag":[],"class_list":{"0":"post-454","1":"product","2":"type-product","3":"status-publish","4":"has-post-thumbnail","6":"product_cat-cajas-de-piso-y-periscopios","8":"first","9":"instock","10":"shipping-taxable","11":"purchasable","12":"product-type-simple"},"_links":{"self":[{"href":"https:\/\/protoweb.space\/wirenex2\/wp-json\/wp\/v2\/product\/454","targetHints":{"allow":["GET"]}}],"collection":[{"href":"https:\/\/protoweb.space\/wirenex2\/wp-json\/wp\/v2\/product"}],"about":[{"href":"https:\/\/protoweb.space\/wirenex2\/wp-json\/wp\/v2\/types\/product"}],"replies":[{"embeddable":true,"href":"https:\/\/protoweb.space\/wirenex2\/wp-json\/wp\/v2\/comments?post=454"}],"wp:featuredmedia":[{"embeddable":true,"href":"https:\/\/protoweb.space\/wirenex2\/wp-json\/wp\/v2\/media\/456"}],"wp:attachment":[{"href":"https:\/\/protoweb.space\/wirenex2\/wp-json\/wp\/v2\/media?parent=454"}],"wp:term":[{"taxonomy":"brand","embeddable":true,"href":"https:\/\/protoweb.space\/wirenex2\/wp-json\/wp\/v2\/etheme_brands?post=454"},{"taxonomy":"product_brand","embeddable":true,"href":"https:\/\/protoweb.space\/wirenex2\/wp-json\/wp\/v2\/product_brand?post=454"},{"taxonomy":"product_cat","embeddable":true,"href":"https:\/\/protoweb.space\/wirenex2\/wp-json\/wp\/v2\/product_cat?post=454"},{"taxonomy":"product_tag","embeddable":true,"href":"https:\/\/protoweb.space\/wirenex2\/wp-json\/wp\/v2\/product_tag?post=454"}],"curies":[{"name":"wp","href":"https:\/\/api.w.org\/{rel}","templated":true}]}}