{"id":461,"date":"2026-04-16T00:53:31","date_gmt":"2026-04-16T00:53:31","guid":{"rendered":"https:\/\/protoweb.space\/wirenex2\/?post_type=product&#038;p=461"},"modified":"2026-04-16T00:55:43","modified_gmt":"2026-04-16T00:55:43","slug":"periscopios-de-piso-y-pared-2-bastidores","status":"publish","type":"product","link":"https:\/\/protoweb.space\/wirenex2\/product\/periscopios-de-piso-y-pared-2-bastidores\/","title":{"rendered":"Periscopios de Piso y Pared 2 Bastidores"},"content":{"rendered":"","protected":false},"excerpt":{"rendered":"<p><span style=\"font-weight: 400;\">Unidad met\u00e1lica dise\u00f1ada para brindar conectividad el\u00e9ctrica y de datos en espacios donde el cableado debe emerger desde el suelo o pared de forma segura.<\/span><\/p>\n<p><b>Caracter\u00edsticas:<\/b><\/p>\n<ul>\n<li><b>Material:<\/b><span style=\"font-weight: 400;\"> Chapa de acero<\/span><\/li>\n<li><b>Terminaci\u00f3n<\/b>: Pintura poliester termo-contra\u00edble electroest\u00e1tica, acabado microtexturado<b>\u00a0<\/b><\/li>\n<li><b>Capacidad:<\/b> Preparadas para alojar hasta 4 m\u00f3dulos de tomas de energ\u00eda.<\/li>\n<li><b>Compatibilidad el\u00e9ctrica: <\/b>Compatible con m\u00f3dulos CAMBRE SIGLO XXI y SICA SILIGHT, se clipan directamente. No requiere bastidor adicional.<b>Acceso de cableado:<\/b> Desde la parte inferior<\/li>\n<li><b>Incluye<\/b> Tornillo con puesta a tierra<\/li>\n<\/ul>\n<p><b>Formato: <\/b><span style=\"font-weight: 400;\">Triangular, de montaje sobre piso o pared<\/span><\/p>\n<p><b>Colores: <\/b><span style=\"font-weight: 400;\">Negro y Blanco<\/span><b>\u00a0<\/b><\/p>\n<p><b>Medidas:<\/b><span style=\"font-weight: 400;\"> Ver imagen<\/span><\/p>\n<p><b>Origen:<\/b> <b>Industria Argentina<\/b><\/p>\n","protected":false},"featured_media":463,"comment_status":"open","ping_status":"closed","template":"","meta":[],"etheme_brands":[],"product_brand":[],"product_cat":[20],"product_tag":[],"class_list":{"0":"post-461","1":"product","2":"type-product","3":"status-publish","4":"has-post-thumbnail","6":"product_cat-cajas-de-piso-y-periscopios","8":"first","9":"instock","10":"shipping-taxable","11":"purchasable","12":"product-type-simple"},"_links":{"self":[{"href":"https:\/\/protoweb.space\/wirenex2\/wp-json\/wp\/v2\/product\/461","targetHints":{"allow":["GET"]}}],"collection":[{"href":"https:\/\/protoweb.space\/wirenex2\/wp-json\/wp\/v2\/product"}],"about":[{"href":"https:\/\/protoweb.space\/wirenex2\/wp-json\/wp\/v2\/types\/product"}],"replies":[{"embeddable":true,"href":"https:\/\/protoweb.space\/wirenex2\/wp-json\/wp\/v2\/comments?post=461"}],"wp:featuredmedia":[{"embeddable":true,"href":"https:\/\/protoweb.space\/wirenex2\/wp-json\/wp\/v2\/media\/463"}],"wp:attachment":[{"href":"https:\/\/protoweb.space\/wirenex2\/wp-json\/wp\/v2\/media?parent=461"}],"wp:term":[{"taxonomy":"brand","embeddable":true,"href":"https:\/\/protoweb.space\/wirenex2\/wp-json\/wp\/v2\/etheme_brands?post=461"},{"taxonomy":"product_brand","embeddable":true,"href":"https:\/\/protoweb.space\/wirenex2\/wp-json\/wp\/v2\/product_brand?post=461"},{"taxonomy":"product_cat","embeddable":true,"href":"https:\/\/protoweb.space\/wirenex2\/wp-json\/wp\/v2\/product_cat?post=461"},{"taxonomy":"product_tag","embeddable":true,"href":"https:\/\/protoweb.space\/wirenex2\/wp-json\/wp\/v2\/product_tag?post=461"}],"curies":[{"name":"wp","href":"https:\/\/api.w.org\/{rel}","templated":true}]}}